{"id":2214,"date":"2022-08-11T17:13:45","date_gmt":"2022-08-11T17:13:45","guid":{"rendered":"https:\/\/bpo.org\/archives\/?page_id=2214"},"modified":"2022-08-11T17:15:34","modified_gmt":"2022-08-11T17:15:34","slug":"soloists-keyboard","status":"publish","type":"page","link":"https:\/\/bpo.org\/archives\/soloists-keyboard\/","title":{"rendered":"Guest Soloists: Keyboard"},"content":{"rendered":"<div class=\"wpb-content-wrapper\"><p>[vc_row][vc_column][vc_custom_heading source=&#8221;post_title&#8221; font_container=&#8221;tag:h1|text_align:left&#8221; use_theme_fonts=&#8221;yes&#8221;][\/vc_column][\/vc_row][vc_row][vc_column][vc_column_text][\/vc_column_text][\/vc_column][\/vc_row][vc_row][vc_column][vc_column_text]<\/p>\n<h3 style=\"text-align: center;\"><strong>Piano<\/strong><\/h3>\n<p>[\/vc_column_text][\/vc_column][\/vc_row][vc_row][vc_column width=&#8221;1\/4&#8243;][vc_column_text]<\/p>\n<p style=\"text-align: center;\">Charlie Albright<\/p>\n<p style=\"text-align: center;\">Claudio Arrau<\/p>\n<p style=\"text-align: center;\">Vladimir Ashkenazy<\/p>\n<p style=\"text-align: center;\">Emanuel Ax<\/p>\n<p style=\"text-align: center;\">Mark Bebbington<\/p>\n<p style=\"text-align: center;\">Lazar Berman<\/p>\n<p style=\"text-align: center;\">Philippe Bianconi<\/p>\n<p style=\"text-align: center;\">Fabio Bidini<\/p>\n<p style=\"text-align: center;\">Jorge Bolet<\/p>\n<p style=\"text-align: center;\">John Browning<\/p>\n<p style=\"text-align: center;\">Sara Buechner<\/p>\n<p style=\"text-align: center;\">Robert Casadesus<\/p>\n<p style=\"text-align: center;\">Van Cliburn<\/p>\n<p style=\"text-align: center;\">Clifford Curzon<\/p>\n<p style=\"text-align: center;\">Bella Davidovich<\/p>\n<p style=\"text-align: center;\">Mischa Dichter<\/p>\n<p style=\"text-align: center;\">Simone Dinnerstein<\/p>\n<p style=\"text-align: center;\">Fei-Fei Dong<\/p>\n<p>[\/vc_column_text][\/vc_column][vc_column width=&#8221;1\/4&#8243;][vc_column_text]<\/p>\n<p style=\"text-align: center;\">Philippe Entremont<\/p>\n<p style=\"text-align: center;\">Leon Fleisher<\/p>\n<p style=\"text-align: center;\">Tanya Gabrielian<\/p>\n<p style=\"text-align: center;\">Adam Golka<\/p>\n<p style=\"text-align: center;\">Stewart Goodyear<\/p>\n<p style=\"text-align: center;\">Glenn Gould<\/p>\n<p style=\"text-align: center;\">Gary Graffman<\/p>\n<p style=\"text-align: center;\">Percy Grainger<\/p>\n<p style=\"text-align: center;\">Yoonie Han<\/p>\n<p style=\"text-align: center;\">Angela Hewitt<\/p>\n<p style=\"text-align: center;\">Lorin Hollander<\/p>\n<p style=\"text-align: center;\">Vladimir Horowitz<\/p>\n<p style=\"text-align: center;\">Eric Huebner<\/p>\n<p style=\"text-align: center;\">Eugene Istomin<\/p>\n<p style=\"text-align: center;\">Yakov Kasman<\/p>\n<p style=\"text-align: center;\">Norman Krieger<\/p>\n<p style=\"text-align: center;\">\u0141ukasz Krupi\u0144ski<\/p>\n<p style=\"text-align: center;\">The Lab\u00e8que Sisters<\/p>\n<p>[\/vc_column_text][\/vc_column][vc_column width=&#8221;1\/4&#8243;][vc_column_text]<\/p>\n<p style=\"text-align: center;\">Lang Lang<\/p>\n<p style=\"text-align: center;\">Alain Lef\u00e8vre<\/p>\n<p style=\"text-align: center;\">George Li<\/p>\n<p style=\"text-align: center;\">Cecile Licad<\/p>\n<p style=\"text-align: center;\">Benedetto Lupo<\/p>\n<p style=\"text-align: center;\">Radu Lupu<\/p>\n<p style=\"text-align: center;\">Witold Ma\u0142cu\u017cy\u0144ski<\/p>\n<p style=\"text-align: center;\">Alexander Malofeev<\/p>\n<p style=\"text-align: center;\">Eldar Nebolsin<\/p>\n<p style=\"text-align: center;\">Peter Nero<\/p>\n<p style=\"text-align: center;\">Guiomar Novaes<\/p>\n<p style=\"text-align: center;\">Garrick Ohlsson<\/p>\n<p style=\"text-align: center;\">Natasha Paremski<\/p>\n<p style=\"text-align: center;\">Jon Kimura Parker<\/p>\n<p style=\"text-align: center;\">Leonard Pennario<\/p>\n<p style=\"text-align: center;\">Murray Perahia<\/p>\n<p style=\"text-align: center;\">Drew Petersen<\/p>\n<p style=\"text-align: center;\">Carl Petersson<\/p>\n<p>[\/vc_column_text][\/vc_column][vc_column width=&#8221;1\/4&#8243;][vc_column_text]<\/p>\n<p style=\"text-align: center;\">Juho Pohjonen<\/p>\n<p style=\"text-align: center;\">Beatrice Rana<\/p>\n<p style=\"text-align: center;\">Charles Rosen<\/p>\n<p style=\"text-align: center;\">Artur Rubenstein<\/p>\n<p style=\"text-align: center;\">Andras Schiff<\/p>\n<p style=\"text-align: center;\">Peter Serkin<\/p>\n<p style=\"text-align: center;\">Rudolf Serkin<\/p>\n<p style=\"text-align: center;\">Konrad Skolarski<\/p>\n<p style=\"text-align: center;\">Yuji Takahashi<\/p>\n<p style=\"text-align: center;\">Conrad Tao<\/p>\n<p style=\"text-align: center;\">Andr\u00e9\u00a0Watts<\/p>\n<p style=\"text-align: center;\">Alexis Weissenberg<\/p>\n<p style=\"text-align: center;\">Paul Wittgenstein<\/p>\n<p style=\"text-align: center;\">William Wolfram<\/p>\n<p style=\"text-align: center;\">Joyce Yang<\/p>\n<p>[\/vc_column_text][\/vc_column][\/vc_row][vc_row][vc_column][vc_separator][\/vc_column][\/vc_row][vc_row][vc_column width=&#8221;1\/2&#8243;][vc_column_text]<\/p>\n<h3 style=\"text-align: center;\"><strong>Jazz Piano<\/strong><\/h3>\n<p>[\/vc_column_text][vc_column_text]<\/p>\n<p style=\"text-align: center;\">Michel Legrand<\/p>\n<p style=\"text-align: center;\">Oscar Peterson<\/p>\n<p>[\/vc_column_text][\/vc_column][vc_column width=&#8221;1\/2&#8243;][vc_column_text]<\/p>\n<h3 style=\"text-align: center;\"><strong>Organ<\/strong><\/h3>\n<p>[\/vc_column_text][vc_column_text]<\/p>\n<p style=\"text-align: center;\">Cameron Carpenter<\/p>\n<p>[\/vc_column_text][\/vc_column][\/vc_row]<\/p>\n<\/div>","protected":false},"excerpt":{"rendered":"<p>[vc_row][vc_column][vc_custom_heading source=&#8221;post_title&#8221; font_container=&#8221;tag:h1|text_align:left&#8221; use_theme_fonts=&#8221;yes&#8221;][\/vc_column][\/vc_row][vc_row][vc_column][vc_column_text][\/vc_column_text][\/vc_column][\/vc_row][vc_row][vc_column][vc_column_text] Piano [\/vc_column_text][\/vc_column][\/vc_row][vc_row][vc_column width=&#8221;1\/4&#8243;][vc_column_text] Charlie Albright Claudio Arrau Vladimir Ashkenazy Emanuel Ax Mark Bebbington Lazar Berman Philippe<a class=\"excerpt-read-more\" href=\"https:\/\/bpo.org\/archives\/soloists-keyboard\/\" title=\"ReadGuest Soloists: Keyboard\">&#8230; Read more &raquo;<\/a><\/p>\n","protected":false},"author":169,"featured_media":0,"parent":0,"menu_order":0,"comment_status":"closed","ping_status":"closed","template":"","meta":{"_acf_changed":false,"footnotes":""},"class_list":["post-2214","page","type-page","status-publish","hentry"],"acf":[],"_links":{"self":[{"href":"https:\/\/bpo.org\/archives\/wp-json\/wp\/v2\/pages\/2214","targetHints":{"allow":["GET"]}}],"collection":[{"href":"https:\/\/bpo.org\/archives\/wp-json\/wp\/v2\/pages"}],"about":[{"href":"https:\/\/bpo.org\/archives\/wp-json\/wp\/v2\/types\/page"}],"author":[{"embeddable":true,"href":"https:\/\/bpo.org\/archives\/wp-json\/wp\/v2\/users\/169"}],"replies":[{"embeddable":true,"href":"https:\/\/bpo.org\/archives\/wp-json\/wp\/v2\/comments?post=2214"}],"version-history":[{"count":8,"href":"https:\/\/bpo.org\/archives\/wp-json\/wp\/v2\/pages\/2214\/revisions"}],"predecessor-version":[{"id":2223,"href":"https:\/\/bpo.org\/archives\/wp-json\/wp\/v2\/pages\/2214\/revisions\/2223"}],"wp:attachment":[{"href":"https:\/\/bpo.org\/archives\/wp-json\/wp\/v2\/media?parent=2214"}],"curies":[{"name":"wp","href":"https:\/\/api.w.org\/{rel}","templated":true}]}}