{"id":2796,"date":"2022-09-19T18:00:54","date_gmt":"2022-09-19T18:00:54","guid":{"rendered":"https:\/\/bpo.org\/archives\/?page_id=2796"},"modified":"2023-06-29T13:57:02","modified_gmt":"2023-06-29T13:57:02","slug":"complete-classics-rep-j","status":"publish","type":"page","link":"https:\/\/bpo.org\/archives\/complete-classics-rep-j\/","title":{"rendered":"Complete Classics Repertoire: J"},"content":{"rendered":"<div class=\"wpb-content-wrapper\"><p>[vc_row][vc_column][vc_custom_heading source=&#8221;post_title&#8221; font_container=&#8221;tag:h1|text_align:left&#8221; use_theme_fonts=&#8221;yes&#8221;][vc_empty_space height=&#8221;20px&#8221;][\/vc_column][\/vc_row][vc_row][vc_column][vc_column_text]Jan\u00e1\u010dek &#8211; <strong><em>Cunning Little Vixen Suite<\/em><\/strong><\/p>\n<ul>\n<li>1981 February 21, 22<\/li>\n<\/ul>\n<p>Jan\u00e1\u010dek &#8211; <strong><em>Glagolitic Mass<\/em><\/strong><\/p>\n<ul>\n<li>1968 April 7, 9<\/li>\n<\/ul>\n<p>Jan\u00e1\u010dek &#8211; <strong><em>Sinfonietta<\/em><\/strong><\/p>\n<ul>\n<li>1971 January 24, 26<\/li>\n<li>1984 March 9, 10<\/li>\n<\/ul>\n<p>Jan\u00e1\u010dek &#8211; <strong><em>Taras Bulba<\/em><\/strong><\/p>\n<ul>\n<li>1998 March 7, 8<\/li>\n<\/ul>\n<p>Jankowski &#8211; <strong><em>Lustrations<\/em><\/strong><\/p>\n<ul>\n<li>1981 March 14, 17<\/li>\n<\/ul>\n<p>Jenkins &#8211;\u00a0<em><strong>Rhapsodic Overture<\/strong><\/em><\/p>\n<ul>\n<li>2023 October 21, 22<\/li>\n<\/ul>\n<p>[\/vc_column_text][\/vc_column][\/vc_row]<\/p>\n<\/div>","protected":false},"excerpt":{"rendered":"<p>[vc_row][vc_column][vc_custom_heading source=&#8221;post_title&#8221; font_container=&#8221;tag:h1|text_align:left&#8221; use_theme_fonts=&#8221;yes&#8221;][vc_empty_space height=&#8221;20px&#8221;][\/vc_column][\/vc_row][vc_row][vc_column][vc_column_text]Jan\u00e1\u010dek &#8211; Cunning Little Vixen Suite 1981 February 21, 22 Jan\u00e1\u010dek &#8211; Glagolitic Mass 1968 April<a class=\"excerpt-read-more\" href=\"https:\/\/bpo.org\/archives\/complete-classics-rep-j\/\" title=\"ReadComplete Classics Repertoire: J\">&#8230; Read more &raquo;<\/a><\/p>\n","protected":false},"author":169,"featured_media":0,"parent":0,"menu_order":0,"comment_status":"closed","ping_status":"closed","template":"","meta":{"_acf_changed":false,"footnotes":""},"class_list":["post-2796","page","type-page","status-publish","hentry"],"acf":[],"_links":{"self":[{"href":"https:\/\/bpo.org\/archives\/wp-json\/wp\/v2\/pages\/2796","targetHints":{"allow":["GET"]}}],"collection":[{"href":"https:\/\/bpo.org\/archives\/wp-json\/wp\/v2\/pages"}],"about":[{"href":"https:\/\/bpo.org\/archives\/wp-json\/wp\/v2\/types\/page"}],"author":[{"embeddable":true,"href":"https:\/\/bpo.org\/archives\/wp-json\/wp\/v2\/users\/169"}],"replies":[{"embeddable":true,"href":"https:\/\/bpo.org\/archives\/wp-json\/wp\/v2\/comments?post=2796"}],"version-history":[{"count":3,"href":"https:\/\/bpo.org\/archives\/wp-json\/wp\/v2\/pages\/2796\/revisions"}],"predecessor-version":[{"id":3639,"href":"https:\/\/bpo.org\/archives\/wp-json\/wp\/v2\/pages\/2796\/revisions\/3639"}],"wp:attachment":[{"href":"https:\/\/bpo.org\/archives\/wp-json\/wp\/v2\/media?parent=2796"}],"curies":[{"name":"wp","href":"https:\/\/api.w.org\/{rel}","templated":true}]}}