{"id":3437,"date":"2022-10-18T14:27:35","date_gmt":"2022-10-18T14:27:35","guid":{"rendered":"https:\/\/bpo.org\/archives\/?page_id=3437"},"modified":"2025-03-07T20:10:16","modified_gmt":"2025-03-07T20:10:16","slug":"complete-classics-rep-r","status":"publish","type":"page","link":"https:\/\/bpo.org\/archives\/complete-classics-rep-r\/","title":{"rendered":"Complete Classics Repertoire: R"},"content":{"rendered":"<div class=\"wpb-content-wrapper\"><p>[vc_row][vc_column][vc_custom_heading source=&#8221;post_title&#8221; font_container=&#8221;tag:h1|text_align:left&#8221; use_theme_fonts=&#8221;yes&#8221;][vc_column_text]<\/p>\n<h5>*Press and hold Ctrl+F or select \u201cfind in page\u201d in browser to search within this page.<\/h5>\n<p>[\/vc_column_text][\/vc_column][\/vc_row][vc_row][vc_column][vc_column_text css=&#8221;&#8221;]Rachmaninoff &#8211; <strong><em>Isle of the Dead, op.29<\/em><\/strong><\/p>\n<ul>\n<li>2003 January 3, 4<\/li>\n<li>2014 October 18, 19<\/li>\n<li>2023 November 3, 4<\/li>\n<\/ul>\n<p>Rachmaninoff &#8211; <strong><em>Kolokola, op.35 &#8220;The Bells&#8221;<\/em><\/strong><\/p>\n<ul>\n<li>1985 November 1, 2<\/li>\n<li>2007 October 27, 28<\/li>\n<li>2014 October 18, 19<\/li>\n<\/ul>\n<p>Rachmaninoff &#8211; <strong><em>Piano Concerto No.1 in F-sharp minor, op.1<\/em><\/strong><\/p>\n<ul>\n<li>2009 October 17, 18<\/li>\n<li>2014 October 18, 19<\/li>\n<\/ul>\n<p>Rachmaninoff &#8211; <strong><em>Piano Concerto No.2 in C minor, op.18<\/em><\/strong><\/p>\n<ul>\n<li>1935 November 18<\/li>\n<li>1936 December 13<\/li>\n<li>1940 March 26<\/li>\n<li>1945 February 6<\/li>\n<li>1953 December 13, 15<\/li>\n<li>1961 December 10, 12<\/li>\n<li>1968 March 24, 26<\/li>\n<li>1974 November 24, 26<\/li>\n<li>1980 January 26, 27<\/li>\n<li>1985 May 17, 18<\/li>\n<li>1993 October 16, 17<\/li>\n<li>1998 April 25, 26<\/li>\n<li>2000 October 21<\/li>\n<li>2007 February 17<\/li>\n<li>2011 January 29<\/li>\n<li>2015 September 16<\/li>\n<li>2020 March 7, 8<\/li>\n<li>2023 November 11, 12<\/li>\n<\/ul>\n<p>Rachmaninoff &#8211; <strong><em>Piano Concerto No.3 in D minor, op.30<\/em><\/strong><\/p>\n<ul>\n<li>1948 March 2<\/li>\n<li>1953 February 1, 3<\/li>\n<li>1958 January 19<\/li>\n<li>1963 January 20, 22<\/li>\n<li>1968 November 17, 19<\/li>\n<li>1973 March 11, 13<\/li>\n<li>1977 November 13, 15<\/li>\n<li>1978 May 28, 30<\/li>\n<li>1981 March 14, 17<\/li>\n<li>1992 October 3, 4<\/li>\n<li>1995 December 8, 9<\/li>\n<li>2005 April 2, 3<\/li>\n<li>2011 October 22, 23<\/li>\n<li>2014 February 1, 2<\/li>\n<li>2023 November 3, 4<\/li>\n<\/ul>\n<p>Rachmaninoff &#8211; <strong><em>Piano Concerto No.4 in G minor, op.40<\/em><\/strong><\/p>\n<ul>\n<li>2014 October 10, 11<\/li>\n<\/ul>\n<p>Rachmaninoff &#8211; <strong><em>Rhapsody on a Theme by Paganini, op.43<\/em><\/strong><\/p>\n<ul>\n<li>1948 November 30<\/li>\n<li>1971 February 21, 23<\/li>\n<li>1976 March 7, 9<\/li>\n<li>1983 February 26, 27<\/li>\n<li>1986 April 4, 5<\/li>\n<li>1990 January 12, 13<\/li>\n<li>1994 November 4, 5<\/li>\n<li>2000 May 6, 7<\/li>\n<li>2006 March 18, 19<\/li>\n<li>2014 31 May, 1 June<\/li>\n<li>2018 June 2, 3<\/li>\n<li>2022 February 4, 5<\/li>\n<\/ul>\n<p>Rachmaninoff &#8211; <strong><em>The Sea and the Seagulls<\/em><\/strong><\/p>\n<ul>\n<li>2014 October 10, 11<\/li>\n<\/ul>\n<p>Rachmaninoff &#8211; <strong><em>Symphonic Dances, op.45<\/em><\/strong><\/p>\n<ul>\n<li>1980 March 9, 11<\/li>\n<li>1987 May 16, 17<\/li>\n<li>1988 September 24, 25<\/li>\n<li>1994 April 23, 24<\/li>\n<li>1998 February 7, 8<\/li>\n<li>2014 May 10, 11<\/li>\n<li>2022 May 13, 14<\/li>\n<\/ul>\n<p>Rachmaninoff &#8211; <strong><em>Symphony No.2 in E minor, op.27<\/em><\/strong><\/p>\n<ul>\n<li>1950 November 5, 7<\/li>\n<li>1967 February 5, 7<\/li>\n<li>1977 February 27, March 1<\/li>\n<li>1982 October 16, 19<\/li>\n<li>1985 February 8, 9<\/li>\n<li>1991 February 16, 17<\/li>\n<li>1997 February 8, 9<\/li>\n<li>2002 February 1, 2<\/li>\n<li>2010 March 6, 7<\/li>\n<li>2014 October 10, 11<\/li>\n<li>2023 November 11, 12<\/li>\n<\/ul>\n<p>Rachmaninoff &#8211; <strong><em>Symphony No.3 in A minor, op.44<\/em><\/strong><\/p>\n<ul>\n<li>1993 January 8, 9<\/li>\n<li>2004 October 16, 17<\/li>\n<li>2013 April 5, 6<\/li>\n<li>2018 October 12, 13<\/li>\n<\/ul>\n<p>Rachmaninoff &#8211; <strong><em>Vocalise, Op.34 No.14<\/em><\/strong><\/p>\n<ul>\n<li>1975 March 23, 25<\/li>\n<li>2023 November 3, 4<\/li>\n<\/ul>\n<p>Rameau &#8211; <strong><em>Concerts en Sextuor Nos. 3 and 6 for Strings<\/em><\/strong><\/p>\n<ul>\n<li>1969 April 13, 15<\/li>\n<\/ul>\n<p>Rameau &#8211; <strong><em>Zais<\/em><\/strong><\/p>\n<ul>\n<li>1982 January 30, February 2<\/li>\n<\/ul>\n<p>Ranjbaran &#8211; <strong><em>Elegy<\/em><\/strong><\/p>\n<ul>\n<li>2005 September 17<\/li>\n<\/ul>\n<p>Ranjbaran &#8211;\u00a0<em><strong>Saratoga Overture<\/strong><\/em><\/p>\n<ul>\n<li>2024 May 2, 3<\/li>\n<\/ul>\n<p>Ranjbaran &#8211; <strong><em>Seven Passages<\/em><\/strong><\/p>\n<ul>\n<li>2006 December 2, 3<\/li>\n<\/ul>\n<p>Ranjbaran &#8211;\u00a0<em><strong>Violin Concerto<\/strong><\/em><\/p>\n<ul>\n<li>2025 April 11, 13<\/li>\n<\/ul>\n<p>Rathaus &#8211; <strong><em>Dance from Uriel Acosta<\/em><\/strong><\/p>\n<ul>\n<li>2004 January 3, 4<\/li>\n<\/ul>\n<p>Rautavaara &#8211; <strong><em>Isle of Bliss<\/em><\/strong><\/p>\n<ul>\n<li>2011 November 19, 20<\/li>\n<\/ul>\n<p>Rautavaara &#8211; <strong><em>Symphony No.1<\/em><\/strong><\/p>\n<ul>\n<li>2015 October 9, 10<\/li>\n<\/ul>\n<p>Rautavaara &#8211; <strong><em>Violin Concerto<\/em><\/strong><\/p>\n<ul>\n<li>2003 November 22, 23<\/li>\n<\/ul>\n<p>Ravel &#8211; <strong><em>Alborada del gracioso<\/em><\/strong><\/p>\n<ul>\n<li>1968 April 7, 9<\/li>\n<li>1956 January 14, 15<\/li>\n<li>1987 December 19, 20<\/li>\n<li>2023 October 6, 7<\/li>\n<\/ul>\n<p>Ravel &#8211; <strong><em>Bol\u00e9ro<\/em><\/strong><\/p>\n<ul>\n<li>1936 February 20<\/li>\n<li>1937 April 14<\/li>\n<li>1945 November 9<\/li>\n<li>1963 December 6, 10<\/li>\n<li>1970 January 11, 13<\/li>\n<li>1982 February 13, 16<\/li>\n<li>1995 September 16, 17<\/li>\n<li>2006 June 3, 4<\/li>\n<li>2018 January 12, 13<\/li>\n<li>2023 October 6, 7<\/li>\n<\/ul>\n<p>Ravel &#8211; <strong><em>Daphnis and Chlo\u00e9 (complete)<\/em><\/strong><\/p>\n<ul>\n<li>1976 April 11, 13<\/li>\n<li>1989 September 23, 24<\/li>\n<\/ul>\n<p>Ravel &#8211; <strong><em>Daphnis and Chlo\u00e9, Suite No.1<\/em><\/strong><\/p>\n<ul>\n<li>1985 March 16, 17<\/li>\n<\/ul>\n<p>Ravel &#8211; <strong><em>Daphnis and Chlo\u00e9, Suite No.2<\/em><\/strong><\/p>\n<ul>\n<li>1956 December 16, 18<\/li>\n<li>1962 February 4, 6<\/li>\n<li>1965 December 12, 14<\/li>\n<li>1970 April 19, 21<\/li>\n<li>1985 March 16, 17<\/li>\n<li>1987 September 12, 13<\/li>\n<li>1996 April 13, 14<\/li>\n<\/ul>\n<p>Ravel &#8211; <strong><em>Deux m\u00e9lodies h\u00e9bra\u00efques: Kaddisch, L&#8217;Enigme \u00e9ternelle<\/em><\/strong><\/p>\n<ul>\n<li>1974 February 10, 12<\/li>\n<\/ul>\n<p>Ravel &#8211; <strong><em>Five Popular Greek Melodies<\/em><\/strong><\/p>\n<ul>\n<li>1995 September 16, 17<\/li>\n<\/ul>\n<p>Ravel &#8211; <strong><em>Introduction and Allegro<\/em><\/strong><\/p>\n<ul>\n<li>1976 April 11, 13<\/li>\n<\/ul>\n<p>Ravel &#8211; <strong><em>La valse<\/em><\/strong><\/p>\n<ul>\n<li>1949 March 1<\/li>\n<li>1959 November 29, December 1<\/li>\n<li>1964 December 13, 15<\/li>\n<li>1973 October 20, 21<\/li>\n<li>1978 October 7, 8<\/li>\n<li>1988 May 14, 15<\/li>\n<li>2000 October 21<\/li>\n<li>2008 May 10, 11<\/li>\n<li>2014 May 10, 11<\/li>\n<\/ul>\n<p>Ravel &#8211; <strong><em>Le tombeau de Couperin<\/em><\/strong><\/p>\n<ul>\n<li>1969 May 11, 13<\/li>\n<li>1974 March 23, 24<\/li>\n<li>1981 November 7, 8<\/li>\n<li>1994 February 4, 5<\/li>\n<li>2004 March 13, 14<\/li>\n<li>2011 April 30, May 1<\/li>\n<li>2017 December 2, 3<\/li>\n<\/ul>\n<p>Ravel &#8211; <strong><em>Ma m\u00e8re l&#8217;oye<\/em><\/strong><\/p>\n<ul>\n<li>1945 November 20<\/li>\n<li>1987 November 6, 7<\/li>\n<li>1991 July 5<\/li>\n<li>1996 March 16, 17<\/li>\n<li>2003 April 26, 27<\/li>\n<li>2009 February 6, 7<\/li>\n<li>2013 October 19, 20<\/li>\n<\/ul>\n<p>Ravel &#8211; <strong><em>Menuet Antique<\/em><\/strong><\/p>\n<ul>\n<li>1986 November 14, 15<\/li>\n<\/ul>\n<p>Ravel &#8211; <strong><em>Pavane pour une infante d\u00e9funte<\/em><\/strong><\/p>\n<ul>\n<li>1937 March 29<\/li>\n<li>1938 April 19<\/li>\n<li>1968 April 7, 9<\/li>\n<li>1992 September 18, 19<\/li>\n<li>2001 April 21, 22<\/li>\n<\/ul>\n<p>Ravel &#8211; <strong><em>Piano Concerto for the Left Hand<\/em><\/strong><\/p>\n<ul>\n<li>1944 February 29<\/li>\n<li>1965 December 12, 14<\/li>\n<li>1976 April 11, 13<\/li>\n<li>1985 April 12, 13<\/li>\n<li>1997 May 3, 4<\/li>\n<\/ul>\n<p>Ravel &#8211; <strong><em>Piano Concerto in G major<\/em><\/strong><\/p>\n<ul>\n<li>1949 January 18<\/li>\n<li>1957 January 13, 15<\/li>\n<li>1967 March 19, 21<\/li>\n<li>1977 February 27, March 1<\/li>\n<li>1978 April 23, 25<\/li>\n<li>1981 February 21, 22<\/li>\n<li>1985 October 19, 20<\/li>\n<li>1991 October 19, 20<\/li>\n<li>2003 May 10, 11<\/li>\n<li>2008 November 29<\/li>\n<li>2010 March 6, 7<\/li>\n<li>2021 September 24<\/li>\n<li>2025 January 25, 26<\/li>\n<\/ul>\n<p>Ravel \u2013 <strong><em>Rapsodie espagnole<\/em><\/strong><\/p>\n<ul>\n<li>1950 March 19, 21<\/li>\n<li>1964 January 19, 21<\/li>\n<li>1978 April 9, 11<\/li>\n<li>1980 December 6, 9<\/li>\n<li>1990 May 18, 19<\/li>\n<li>2001 October 27, 28<\/li>\n<li>2024 March 1, 2<\/li>\n<\/ul>\n<p>Ravel &#8211; <strong><em>Sheherazade<\/em><\/strong><\/p>\n<ul>\n<li>1951 November 18, 20 <strong><em>(Asie)<\/em><\/strong><\/li>\n<li>1969 May 11, 13<\/li>\n<li>1974 February 10, 12<\/li>\n<li>1991 January 31, February 2, 3<\/li>\n<li>2004 April 17, 18<\/li>\n<li>2025 March 14, 15<\/li>\n<\/ul>\n<p>Ravel &#8211; <strong><em>Tzigane<\/em><\/strong><\/p>\n<ul>\n<li>1936 March 5<\/li>\n<li>1969 May 11, 13<\/li>\n<li>1976 April 11, 13<\/li>\n<li>2023 October 21, 22<\/li>\n<\/ul>\n<p>Ravel &#8211; <strong><em>Valses nobles et sentimentales<\/em><\/strong><\/p>\n<ul>\n<li>1956 January 14, 15<\/li>\n<li>1986 December 6, 7<\/li>\n<li>1999 April 24, 25<\/li>\n<\/ul>\n<p>Rawsthorne &#8211; <strong><em>Piano Concerto No.2<\/em><\/strong><\/p>\n<ul>\n<li>1956 December 2, 4<\/li>\n<\/ul>\n<p>Refice &#8211; <strong><em>Ombra di Nube<\/em><\/strong><\/p>\n<ul>\n<li>2014 September 13<\/li>\n<\/ul>\n<p>Reger &#8211; <strong><em>Four Tone Poems after Arnold B\u00f6cklin<\/em><\/strong><\/p>\n<ul>\n<li>2003 January 3, 4<\/li>\n<\/ul>\n<p>Reger &#8211; <strong><em>Hymnus der Liebe<\/em><\/strong><\/p>\n<ul>\n<li>1938 April 5<\/li>\n<\/ul>\n<p>Reger &#8211; <strong><em>Maria Wiegenlied, Op.76<\/em><\/strong><\/p>\n<ul>\n<li>2014 December 12, 13<\/li>\n<\/ul>\n<p>Reger &#8211; <strong><em>Variations and Fugue on a Theme of Beethoven<\/em><\/strong><\/p>\n<ul>\n<li>2024 March 15, 16<\/li>\n<\/ul>\n<p>Reger &#8211; <strong><em>Variations and Fugue on a Theme by Mozart<\/em><\/strong><\/p>\n<ul>\n<li>1937 March 11<\/li>\n<li>1939 March 28<\/li>\n<li>1962 November 18, 20<\/li>\n<li>1969 January 19, 21<\/li>\n<\/ul>\n<p>Respighi &#8211; <strong><em>Ancient Airs and Dances<\/em><\/strong><\/p>\n<ul>\n<li>1939 December 5<\/li>\n<li>1944 December 13<\/li>\n<li>2020 December 8 <strong><em>(Suite No. 3)<\/em><\/strong><\/li>\n<li>2024 September 19\u00a0<em><strong>(Suite No. 3)<\/strong><\/em><\/li>\n<\/ul>\n<p>Respighi &#8211; <strong><em>Brazilian Impressions<\/em><\/strong><\/p>\n<ul>\n<li>2006 March 18, 19<\/li>\n<\/ul>\n<p>Respighi &#8211; <strong><em>Church Windows<\/em><\/strong><\/p>\n<ul>\n<li>2001 February 16, 17<\/li>\n<li>2006 March 18, 19<\/li>\n<li>2024 October 11, 13<\/li>\n<\/ul>\n<p>Respighi &#8211; <strong><em>Fountains of Rome<\/em><\/strong><\/p>\n<ul>\n<li>1957 March 24, 26<\/li>\n<li>1992 March 28, 29<\/li>\n<li>2003 March 21, 22<\/li>\n<li>2018 June 2, 3<\/li>\n<\/ul>\n<p>Respighi &#8211; <strong><em>Pines of Rome<\/em><\/strong><\/p>\n<ul>\n<li>1937 March 29<\/li>\n<li>1940 December 5<\/li>\n<li>1943 November 30<\/li>\n<li>1966 November 13, 15<\/li>\n<li>1979 January 20, 21<\/li>\n<li>1985 November 1, 2<\/li>\n<li>2000 March 4, 5<\/li>\n<li>2006 September 16<\/li>\n<li>2018 June 2, 3<\/li>\n<\/ul>\n<p>Respighi &#8211; <strong><em>Roman Festivals<\/em><\/strong><\/p>\n<ul>\n<li>1963 January 20, 22<\/li>\n<li>2002 March 15, 16<\/li>\n<li>2008 September 27<\/li>\n<li>2018 May 4, 5<\/li>\n<\/ul>\n<p>Respighi &#8211; <strong><em>Rossiniana<\/em><\/strong><\/p>\n<ul>\n<li>2006 March4,5<\/li>\n<\/ul>\n<p>Respighi &#8211; <strong><em>Trittico Botticelliano<\/em><\/strong><\/p>\n<ul>\n<li>2000 March 4, 5<\/li>\n<li>2007 December 14, 15 <strong><em>(Adoration of the Magi)<\/em><\/strong><\/li>\n<li>2009 December 4, 5<\/li>\n<li>2016 December 9, 10 <strong><em>(Adoration of the Magi)<\/em><\/strong><\/li>\n<li>2018 December 7, 8 <strong><em>(Adoration of the Magi)<\/em><\/strong><\/li>\n<li>2021 April 13<\/li>\n<li>2023 December 8, 9\u00a0<em><strong>(Adoration of the Magi)<\/strong><\/em><\/li>\n<\/ul>\n<p>Revueltas &#8211; <strong><em>Night of the Mayas<\/em><\/strong><\/p>\n<ul>\n<li>1997 May 3, 4<\/li>\n<li>2010 April 17, 18<\/li>\n<\/ul>\n<p>Revueltas &#8211; <strong><em>Sensemaya<\/em><\/strong><\/p>\n<ul>\n<li>1996 January 13, 14<\/li>\n<\/ul>\n<p>Reznicek &#8211; <strong><em>Donna Diana: Overture<\/em><\/strong><\/p>\n<ul>\n<li>1959 November 29, December 1<\/li>\n<\/ul>\n<p>Richter &#8211; <strong><em>Allegro (Music of Mannheim)<\/em><\/strong><\/p>\n<ul>\n<li>1973 April 1, 3<\/li>\n<\/ul>\n<p>Richter &#8211; <strong><em>Andante comodo (Music of Mannheim)<\/em><\/strong><\/p>\n<ul>\n<li>1973 April 1, 3<\/li>\n<\/ul>\n<p>Riegger &#8211; <strong><em>Canon and Fugue in D minor<\/em><\/strong><\/p>\n<ul>\n<li>1945 November 20<\/li>\n<\/ul>\n<p>Riegger &#8211; <strong><em>Dichotomy<\/em><\/strong><\/p>\n<ul>\n<li>1977 November 13, 15<\/li>\n<\/ul>\n<p>Riegger &#8211; <strong><em>Rhapsody for Orchestra<\/em><\/strong><\/p>\n<ul>\n<li>1976 October 17, 19<\/li>\n<\/ul>\n<p>Rimsky-Korsakov &#8211; <strong><em>Capriccio Espagnol, op.34<\/em><\/strong><\/p>\n<ul>\n<li>1937 January 17<\/li>\n<li>1938 January 21<\/li>\n<li>1941 January 9<\/li>\n<li>1942 March 31<\/li>\n<li>1943 March 21<\/li>\n<li>1945 December 4<\/li>\n<li>2016 September 17<\/li>\n<\/ul>\n<p>Rimsky-Korsakov &#8211; <strong><em>Christmas Eve: Polonaise<\/em><\/strong><\/p>\n<ul>\n<li>2008 December 12, 13<\/li>\n<li>2010 December 18<\/li>\n<li>2011 December 16, 17<\/li>\n<li>2012 December 7, 8<\/li>\n<li>2015 December 11, 12<\/li>\n<li>2018 December 7, 8<\/li>\n<li>2021 December 10, 11<\/li>\n<li>2022 December 9, 10<\/li>\n<li>2024 December 13, 14<\/li>\n<\/ul>\n<p>Rimsky-Korsakov &#8211; <strong><em>Christmas Eve: Suite<\/em><\/strong><\/p>\n<ul>\n<li>2016 December 9, 10<\/li>\n<\/ul>\n<p>Rimsky-Korsakov &#8211; <strong><em>May Night Overture<\/em><\/strong><\/p>\n<ul>\n<li>1997 April 5, 6<\/li>\n<\/ul>\n<p>Rimsky-Korsakov &#8211; <strong><em>Mozart and Salieri<\/em><\/strong><\/p>\n<ul>\n<li>2014 January 17, 18<\/li>\n<\/ul>\n<p>Rimsky-Korsakov &#8211; <strong><em>Piano Concerto in C minor, op.30<\/em><\/strong><\/p>\n<ul>\n<li>1985 March 8, 9<\/li>\n<\/ul>\n<p>Rimsky-Korsakov &#8211; <strong><em>Russian Easter Overture<\/em><\/strong><\/p>\n<ul>\n<li>1936 December 13<\/li>\n<li>1939 March 28<\/li>\n<li>1940 March 26<\/li>\n<li>1942 March 3<\/li>\n<li>1945 March 20<\/li>\n<li>1971 February 21, 23<\/li>\n<li>2007 March 31, April 1<\/li>\n<\/ul>\n<p>Rimsky-Korsakov &#8211; <strong><em>Scheherazade<strong>,<\/strong> op.35<\/em><\/strong><\/p>\n<ul>\n<li>1935 December 30<\/li>\n<li>1942 January 6<\/li>\n<li>1948 January 6<\/li>\n<li>1979 January 20, 21<\/li>\n<li>1984 November 17, 18<\/li>\n<li>1984 November 20<\/li>\n<li>1987 April 3, 4<\/li>\n<li>1993 March 26, 27<\/li>\n<li>1999 April 24, 25<\/li>\n<li>2004 April 17, 18<\/li>\n<li>2007 September 29, 30<\/li>\n<li>2018 February 10, 11<\/li>\n<li>2022 September 17<\/li>\n<\/ul>\n<p>Rimsky-Korsakov &#8211; <strong><em>The Snow Maiden: Dance of the Tumblers<\/em><\/strong><\/p>\n<ul>\n<li>2007 December 14, 15<\/li>\n<li>2009 December 11, 12<\/li>\n<li>2011 December 16, 17<\/li>\n<li>2017 December 8, 9<\/li>\n<li>2022 December 9, 10<\/li>\n<\/ul>\n<p>Rimsky-Korsakov &#8211; <strong><em>The Snow Maiden: Song of Lel<\/em><\/strong><\/p>\n<ul>\n<li>1944 November 28<\/li>\n<\/ul>\n<p>Ritchie\/McNeill &#8211; <strong><em>All Night Long<\/em><\/strong><\/p>\n<ul>\n<li>1999 September 18<\/li>\n<\/ul>\n<p>Rochberg &#8211; <strong><em>Time-Span<\/em><\/strong><\/p>\n<ul>\n<li>1964 January 19, 21<\/li>\n<\/ul>\n<p>Rodrigo &#8211; <strong><em>Concerto Andaluz for Four Guitars<\/em><\/strong><\/p>\n<ul>\n<li>1969 January 12, 14<\/li>\n<\/ul>\n<p>Rodrigo &#8211; <strong><em>Concierto de Aranjuez<\/em><\/strong><\/p>\n<ul>\n<li>1997 October 4, 5<\/li>\n<li>2001 March 2, 3, 4<\/li>\n<\/ul>\n<p>Rodrigo &#8211; <strong><em>Fantasia para un gentilhombre<\/em><\/strong><\/p>\n<ul>\n<li>1985 November 16<\/li>\n<li>2011 December 3, 4<\/li>\n<\/ul>\n<p>Rogers \u2013 <strong><em>Elegy<\/em><\/strong><\/p>\n<ul>\n<li>1943 March 29<\/li>\n<\/ul>\n<p>Rogers &#8211; <strong><em>The Supper at Emmaus<\/em><\/strong><\/p>\n<ul>\n<li>1942 January 20<\/li>\n<\/ul>\n<p>Rogerson &#8211; <strong><em>A Prayer for Spring<\/em><\/strong><\/p>\n<ul>\n<li>2009 February 21<\/li>\n<\/ul>\n<p>Rorem &#8211; <strong><em>Eagles<\/em><\/strong><\/p>\n<ul>\n<li>1960 November 6, 8<\/li>\n<\/ul>\n<p>Rorem &#8211; <strong><em>Lions<\/em><\/strong><\/p>\n<ul>\n<li>1970 January 11, 13<\/li>\n<\/ul>\n<p>Rorem &#8211; <strong><em>Symphony No.3<\/em><\/strong><\/p>\n<ul>\n<li>1960 March 13, 15<\/li>\n<\/ul>\n<p>Rossini &#8211; <strong><em>Cenerentola: Rondo<\/em><\/strong><\/p>\n<ul>\n<li>1944 November 28<\/li>\n<\/ul>\n<p>Rossini &#8211; <strong><em>Italian in Algiers: Overture<\/em><\/strong><\/p>\n<ul>\n<li>1952 December 14, 16<\/li>\n<li>1970 April 19, 21<\/li>\n<li>2000 March 4, 5<\/li>\n<\/ul>\n<p>Rossini &#8211; <strong><em>La Cenerentola: Non piu mesta from<\/em><\/strong><\/p>\n<ul>\n<li>1977 January 9, 11<\/li>\n<\/ul>\n<p>Rossini &#8211; <strong><em>La Cenerentola: Overture<\/em><\/strong><\/p>\n<ul>\n<li>1976 November 7, 9<\/li>\n<li>2007 September 29, 30<\/li>\n<\/ul>\n<p>Rossini &#8211; <strong><em>La Gazza Ladra: Overture<\/em><\/strong><\/p>\n<ul>\n<li>1936 March 5<\/li>\n<li>1979 December 9, 11<\/li>\n<li>1999 April 10, 11<\/li>\n<li>2008 February 23<\/li>\n<li>2019 December 7, 8<\/li>\n<\/ul>\n<p>Rossini &#8211; <strong><em>La scala di seta: Overture<\/em><\/strong><\/p>\n<ul>\n<li>1964 January 19, 21<\/li>\n<li>1986 May 17, 18<\/li>\n<\/ul>\n<p>Rossini &#8211; <strong><em>Semiramide: Overture<\/em><\/strong><\/p>\n<ul>\n<li>1954 February 14, 16<\/li>\n<li>1961 January 19, 20<\/li>\n<li>1978 January 29, 31<\/li>\n<li>1986 December 6, 7<\/li>\n<li>2000 September 23, 24<\/li>\n<\/ul>\n<p>Rossini &#8211; <strong><em>Semiramede: Overture<\/em><\/strong><\/p>\n<ul>\n<li>2010 March 6, 7<\/li>\n<li>2019 September 21<\/li>\n<\/ul>\n<p>Rossini &#8211; <strong><em>Stabat Mater<\/em><\/strong><\/p>\n<ul>\n<li>1981 March 28, 29<\/li>\n<li>1988 December 10, 11<\/li>\n<\/ul>\n<p>Rossini &#8211; <strong><em>The Barber of Seville <\/em><\/strong><\/p>\n<ul>\n<li>1938 April 5 <strong><em>(Overture)<\/em><\/strong><\/li>\n<li>1945 November 20 <strong><em>(La calumnia)<\/em><\/strong><\/li>\n<li>1963 April 28, 30 <strong><em>(Overture)<\/em><\/strong><\/li>\n<li>1968 February 25, 27<\/li>\n<li>1979 October 30 <strong><em>(Overture; Una voce poco fa)<\/em><\/strong><\/li>\n<li>1985 November 16 <strong><em>(Una voce poco fa)<\/em><\/strong><\/li>\n<li>2008 October 18, 19 <strong><em>(Overture)<\/em><\/strong><\/li>\n<\/ul>\n<p>Rossini &#8211; <strong><em>The Turk in Italy: Overture<\/em><\/strong><\/p>\n<ul>\n<li>2006 March 18, 19<\/li>\n<\/ul>\n<p>Rossini &#8211; <strong><em>William Tell: Overture<\/em><\/strong><\/p>\n<ul>\n<li>1955 March 13, 15<\/li>\n<li>1982 October 16, 19<\/li>\n<li>2005 September 17<\/li>\n<li>2015 May 9, 10<\/li>\n<\/ul>\n<p>Rossini\/Britten &#8211; <strong><em>Soir\u00e9es musicales<\/em><\/strong><\/p>\n<ul>\n<li>1943 November 16<\/li>\n<\/ul>\n<p>Rothman &#8211; <strong><em>Arc of Visibility<\/em><\/strong><\/p>\n<ul>\n<li>2010 November 19, 20<\/li>\n<\/ul>\n<p>Rothman &#8211; <strong><em>Overture for our City<\/em><\/strong><\/p>\n<ul>\n<li>1997 November 22, 23<\/li>\n<\/ul>\n<p>Rothman &#8211; <strong><em>Starsplitter<\/em><\/strong><\/p>\n<ul>\n<li>2017 April 21, 22<\/li>\n<\/ul>\n<p>Rouse &#8211; <strong><em>The Infernal Machine<\/em><\/strong><\/p>\n<ul>\n<li>1986 April 4, 5<\/li>\n<\/ul>\n<p>Roussanova &#8211;\u00a0<em><strong>Moments of Arrival<\/strong><\/em><\/p>\n<ul>\n<li>2023 October 21, 22<\/li>\n<\/ul>\n<p>Roussel &#8211; <strong><em>Bacchus et Ariane: Suite No.2<\/em><\/strong><\/p>\n<ul>\n<li>1987 November 6, 7<\/li>\n<li>2000 May 6, 7<\/li>\n<li>2015 November 7, 8<\/li>\n<\/ul>\n<p>Roussel &#8211; <strong><em>Le Festin de l&#8217;Araign\u00e9e<\/em><\/strong><\/p>\n<ul>\n<li>1994 December 2, 3<\/li>\n<\/ul>\n<p>R\u00f3zsa\u00a0&#8211; <strong><em>Hungarian Nocturne, op.28<\/em><\/strong><\/p>\n<ul>\n<li>2013 March 2, 3<\/li>\n<\/ul>\n<p>R\u00f3zsa\u00a0&#8211; <em><strong>Violin Concerto<\/strong><\/em><\/p>\n<ul>\n<li>2023 October 6, 7<\/li>\n<\/ul>\n<p>Ruggles &#8211; <strong><em>Evocations for Orchestra<\/em><\/strong><\/p>\n<ul>\n<li>1971 November 21, 23<\/li>\n<li>1975 November 22, 23<\/li>\n<\/ul>\n<p>Ruggles &#8211; <strong><em>Men and Angels<\/em><\/strong><\/p>\n<ul>\n<li>1976 May 9, 11<\/li>\n<\/ul>\n<p>Ruggles &#8211; <strong><em>Men and Mountains<\/em><\/strong><\/p>\n<ul>\n<li>1970 March 1<\/li>\n<li>1975 November 22, 23<\/li>\n<li>1978 January 29, 31<\/li>\n<li>1986 April 19, 20<\/li>\n<li>1994 February 25, 26<\/li>\n<li>1996 February 10, 11<\/li>\n<\/ul>\n<p>Ruggles &#8211; <strong><em>Portals <\/em><\/strong><\/p>\n<ul>\n<li>1976 May 11<\/li>\n<\/ul>\n<p>Ruggles &#8211; <strong><em>Sun-Treader<\/em><\/strong><\/p>\n<ul>\n<li>1975 November 22, 23<\/li>\n<\/ul>\n<p>Rutter &#8211; <strong><em>Candlelight Carol<\/em><\/strong><\/p>\n<ul>\n<li>2012 December 7, 8<\/li>\n<li>2017 December 8, 9<\/li>\n<\/ul>\n<p>Rutter &#8211; <strong><em>I Saw Three Ships<\/em><\/strong><\/p>\n<ul>\n<li>2016 December 9, 10<\/li>\n<\/ul>\n<p>Rutter &#8211; <strong><em>Mary&#8217;s Lullaby<\/em><\/strong><\/p>\n<ul>\n<li>2016 December 9, 10<\/li>\n<li>2017 December 8, 9<\/li>\n<\/ul>\n<p>[\/vc_column_text][\/vc_column][\/vc_row]<\/p>\n<\/div>","protected":false},"excerpt":{"rendered":"<p>[vc_row][vc_column][vc_custom_heading source=&#8221;post_title&#8221; font_container=&#8221;tag:h1|text_align:left&#8221; use_theme_fonts=&#8221;yes&#8221;][vc_column_text] *Press and hold Ctrl+F or select \u201cfind in page\u201d in browser to search within this page.<a class=\"excerpt-read-more\" href=\"https:\/\/bpo.org\/archives\/complete-classics-rep-r\/\" title=\"ReadComplete Classics Repertoire: R\">&#8230; Read more &raquo;<\/a><\/p>\n","protected":false},"author":169,"featured_media":0,"parent":0,"menu_order":0,"comment_status":"closed","ping_status":"closed","template":"","meta":{"_acf_changed":false,"footnotes":""},"class_list":["post-3437","page","type-page","status-publish","hentry"],"acf":[],"_links":{"self":[{"href":"https:\/\/bpo.org\/archives\/wp-json\/wp\/v2\/pages\/3437","targetHints":{"allow":["GET"]}}],"collection":[{"href":"https:\/\/bpo.org\/archives\/wp-json\/wp\/v2\/pages"}],"about":[{"href":"https:\/\/bpo.org\/archives\/wp-json\/wp\/v2\/types\/page"}],"author":[{"embeddable":true,"href":"https:\/\/bpo.org\/archives\/wp-json\/wp\/v2\/users\/169"}],"replies":[{"embeddable":true,"href":"https:\/\/bpo.org\/archives\/wp-json\/wp\/v2\/comments?post=3437"}],"version-history":[{"count":19,"href":"https:\/\/bpo.org\/archives\/wp-json\/wp\/v2\/pages\/3437\/revisions"}],"predecessor-version":[{"id":3887,"href":"https:\/\/bpo.org\/archives\/wp-json\/wp\/v2\/pages\/3437\/revisions\/3887"}],"wp:attachment":[{"href":"https:\/\/bpo.org\/archives\/wp-json\/wp\/v2\/media?parent=3437"}],"curies":[{"name":"wp","href":"https:\/\/api.w.org\/{rel}","templated":true}]}}