{"id":549,"date":"2021-07-30T19:08:40","date_gmt":"2021-07-30T19:08:40","guid":{"rendered":"https:\/\/bpo.org\/archives\/classics-repertoire-1936-1937-copy\/"},"modified":"2022-10-17T15:01:07","modified_gmt":"2022-10-17T15:01:07","slug":"classics-repertoire-1959-1960","status":"publish","type":"page","link":"https:\/\/bpo.org\/archives\/classics-repertoire-1959-1960\/","title":{"rendered":"BPO Classics Repertoire 1959-1960"},"content":{"rendered":"<div class=\"wpb-content-wrapper\"><p>[vc_section][vc_row][vc_column][vc_custom_heading source=&#8221;post_title&#8221; font_container=&#8221;tag:h1|text_align:left&#8221; use_theme_fonts=&#8221;yes&#8221;][\/vc_column][\/vc_row][vc_row][vc_column][vc_column_text]<strong>1, 3 November 1959<\/strong><br \/>\nWagner &#8211; Die Meistersinger: Overture<br \/>\nHarris &#8211; Symphony No.3<br \/>\nMozart &#8211; Piano Concerto No.26 in D major, K.537 &#8220;Coronation&#8221;<br \/>\nMahler &#8211; Symphony No.1 in D major<br \/>\nJosef Krips, conductor<br \/>\nLeonard Pennario, pianist<\/p>\n<hr \/>\n<p><strong>15, 17 November 1959<\/strong><br \/>\nProkofiev &#8211; Symphony No.5 in B-flat major, op.100<br \/>\nMendelssohn &#8211; Violin Concerto in E minor, op.64<br \/>\nStrauss, R. &#8211; Til Eulenspiegel&#8217;s Merry Pranks, op.28<br \/>\nJosef Krips, conductor<br \/>\nEudice Shapiro, violinist<\/p>\n<hr \/>\n<p><strong>29 November, 1 December 1959<\/strong><br \/>\nReznicel &#8211; Donna Diana: Overture<br \/>\nMozart &#8211; Piano Concerto No.20 in D minor, K.466<br \/>\nShostakovich &#8211; Symphony No.1, op.10<br \/>\nRavel &#8211; La Valse<br \/>\nJosef Krips, conductor<br \/>\nJohn Browning, pianist<\/p>\n<hr \/>\n<p><strong>13, 15 December 1959<\/strong><br \/>\nWeber &#8211; Euryanthe: Overture<br \/>\nBartok &#8211; Violin Concerto No.2<br \/>\nBrahms &#8211; Symphony No.4 in E minor, op.98<br \/>\nJosef Krips, conductor<br \/>\nYehudi Menuhin, violinist<\/p>\n<hr \/>\n<p><strong>19 December 1959<\/strong><br \/>\nHandel &#8211; Messiah<br \/>\nJosef Krips, conductor<br \/>\nAdele Addison, soprano<br \/>\nNell Rankin, contralto<br \/>\nRichard Verreau, tenor<br \/>\nJames Milligan, baritone<br \/>\nSquire Haskin, harpsichord<br \/>\nBuffalo Schola Cantorum,<br \/>\nJoseph Wincenc, director<\/p>\n<hr \/>\n<p><strong>3, 5 January 1960<\/strong><br \/>\nBach &#8211; Brandenburg Concerto No.5 in D major<br \/>\nBach &#8211; Piano Concerto No.1 in D minor<br \/>\nFoss &#8211; Chorale Prelude No.2 from &#8220;Symphony of Chorales&#8221;<br \/>\nTchaikovsky &#8211; Francesca da Rimini Fantasia, op.32<br \/>\nLukas Foss, composer, pianist, conductor<\/p>\n<hr \/>\n<p><strong>17, 19 January 1960<\/strong><br \/>\nHanson &#8211; Symphony No.2 &#8220;Romantic&#8221;<br \/>\nChopin &#8211; Piano Concerto No.2 in F minor, op.21<br \/>\nMussorgsky\/Ravel &#8211; Pictures at an Exhibition<br \/>\nJoseph Wincenc, conductor<br \/>\nWitold Ma\u0142cu\u017cy\u0144ski, pianist<\/p>\n<hr \/>\n<p><strong>31 January, 2 February 1960<\/strong><br \/>\nBach &#8211; Orchestra Suite No.3 in D major<br \/>\nBeethoven &#8211; Piano Concerto No.4 in G major, op.58<br \/>\nStrauss, R. &#8211; Le Bourgeois gentilhomme Suite<br \/>\nBerlioz &#8211; Roman Carnival Overture, op.9<br \/>\nJosef Krips, conductor<br \/>\nArtur Rubinstein, pianist<\/p>\n<hr \/>\n<p><strong>14, 16 February 1960<\/strong><br \/>\nWagner &#8211; Der Fliegende Holl\u00e4nder: Overture<br \/>\nProkofiev &#8211; Piano Concerto No.2 in G Minor, op.16<br \/>\nBruckner &#8211; Symphony No.7 in E major<br \/>\nJosef Krips, conductor<br \/>\nMalcolm Frager, pianist<\/p>\n<hr \/>\n<p><strong>28 February, 1 March 1960<\/strong><br \/>\nStravinsky &#8211; Orfeo<br \/>\nSchumann &#8211; Piano Concerto in A minor, op.54<br \/>\nBeethoven &#8211; Symphony No.7 in A major, op.92<br \/>\nJosef Krips, conductor<br \/>\nBenno Moiseiwitsch, pianist<\/p>\n<hr \/>\n<p><strong>13, 15 March 1960<\/strong><br \/>\nStravinsky &#8211; Orfeo<br \/>\nTchaikovsky &#8211; Violin Concerto in D major, op.35<br \/>\nCreston &#8211; Walt Whitman<br \/>\nRorem &#8211; Symphony No.3<br \/>\nJosef Krips, conductor<br \/>\nHenryk Szeryng, violinist<\/p>\n<hr \/>\n<p><strong>20, 22 March 1960<\/strong><br \/>\nFoss &#8211; Parable of Death<br \/>\nBerlioz &#8211; Requiem<br \/>\nJosef Krips, conductor<br \/>\nFelicia Montealegre, narrator<br \/>\nRudolf Petrak, tenor<br \/>\nSUNY Fredonia Festival Chorus<\/p>\n<hr \/>\n<p><strong>3, 5 April 1960<\/strong><br \/>\nBeethoven &#8211; Symphony No.1 in C major, op.21<br \/>\nBeethoven &#8211; Symphony No.9 in D minor, op.125 &#8220;Chorale&#8221;<br \/>\nJosef Krips, conductor<br \/>\nPierrette Alarie, soprano<br \/>\nGladys Kriese, contralto<br \/>\nCharles O&#8217;Neill, tenor<br \/>\nNorman Farrow, bass<br \/>\nBuffalo Schola Cantorum,<br \/>\nJoseph Wincenc, director<br \/>\nGuido Chorus,<br \/>\nRichard Paige, director<br \/>\nGuest Choristers<br \/>\nJ.Richard Marshall, director[\/vc_column_text][\/vc_column][\/vc_row][\/vc_section]<\/p>\n<\/div>","protected":false},"excerpt":{"rendered":"<p>[vc_section][vc_row][vc_column][vc_custom_heading source=&#8221;post_title&#8221; font_container=&#8221;tag:h1|text_align:left&#8221; use_theme_fonts=&#8221;yes&#8221;][\/vc_column][\/vc_row][vc_row][vc_column][vc_column_text]1, 3 November 1959 Wagner &#8211; Die Meistersinger: Overture Harris &#8211; Symphony No.3 Mozart &#8211; Piano Concerto<a class=\"excerpt-read-more\" href=\"https:\/\/bpo.org\/archives\/classics-repertoire-1959-1960\/\" title=\"ReadBPO Classics Repertoire 1959-1960\">&#8230; Read more &raquo;<\/a><\/p>\n","protected":false},"author":169,"featured_media":0,"parent":0,"menu_order":0,"comment_status":"closed","ping_status":"closed","template":"","meta":{"_acf_changed":false,"footnotes":""},"class_list":["post-549","page","type-page","status-publish","hentry"],"acf":[],"_links":{"self":[{"href":"https:\/\/bpo.org\/archives\/wp-json\/wp\/v2\/pages\/549","targetHints":{"allow":["GET"]}}],"collection":[{"href":"https:\/\/bpo.org\/archives\/wp-json\/wp\/v2\/pages"}],"about":[{"href":"https:\/\/bpo.org\/archives\/wp-json\/wp\/v2\/types\/page"}],"author":[{"embeddable":true,"href":"https:\/\/bpo.org\/archives\/wp-json\/wp\/v2\/users\/169"}],"replies":[{"embeddable":true,"href":"https:\/\/bpo.org\/archives\/wp-json\/wp\/v2\/comments?post=549"}],"version-history":[{"count":4,"href":"https:\/\/bpo.org\/archives\/wp-json\/wp\/v2\/pages\/549\/revisions"}],"predecessor-version":[{"id":3429,"href":"https:\/\/bpo.org\/archives\/wp-json\/wp\/v2\/pages\/549\/revisions\/3429"}],"wp:attachment":[{"href":"https:\/\/bpo.org\/archives\/wp-json\/wp\/v2\/media?parent=549"}],"curies":[{"name":"wp","href":"https:\/\/api.w.org\/{rel}","templated":true}]}}