{"id":725,"date":"2021-08-05T14:29:12","date_gmt":"2021-08-05T14:29:12","guid":{"rendered":"https:\/\/bpo.org\/archives\/classics-repertoire-2014-2015-copy\/"},"modified":"2024-06-24T19:51:12","modified_gmt":"2024-06-24T19:51:12","slug":"classics-repertoire-2015-2016","status":"publish","type":"page","link":"https:\/\/bpo.org\/archives\/classics-repertoire-2015-2016\/","title":{"rendered":"BPO Classics Repertoire 2015-2016"},"content":{"rendered":"<div class=\"wpb-content-wrapper\"><p>[vc_section][vc_row][vc_column][vc_custom_heading source=&#8221;post_title&#8221; font_container=&#8221;tag:h1|text_align:left&#8221; use_theme_fonts=&#8221;yes&#8221;][\/vc_column][\/vc_row][vc_row][vc_column][vc_column_text css=&#8221;&#8221;]<strong>16 September 2015<\/strong><br \/>\nGlinka &#8211; Russlan and Ludmilla: Overture<br \/>\nTchaikovsky &#8211; Suite from Swan Lake: Suite Op.20a<br \/>\nRachmaninoff &#8211; Piano Concerto No.2 in C minor, Op.18<br \/>\nJoAnn Falletta, conductor<br \/>\nLang Lang, piano<\/p>\n<hr \/>\n<p><strong>3, 4 October 2015<\/strong><br \/>\nFagerlund &#8211; Isola<br \/>\nGrieg &#8211; Piano Concerto in A minor, Op.16<br \/>\nSibelius &#8211; Symphony No.5 in E-Flat major, Op.82<br \/>\nJoAnn Falletta, conductor<br \/>\nJuho Pohjonen, piano<\/p>\n<hr \/>\n<p><strong>9, 10 October 2015<\/strong><br \/>\nRautavaara &#8211; Symphony No.1<br \/>\nKuusisto &#8211; Violin Concerto, Op.28<br \/>\nSibelius &#8211; Symphony No.1 in E minor, Op.39<br \/>\nJoAnn Falletta, conductor<br \/>\nElina V\u00e4h\u00e4l\u00e4, violin<\/p>\n<hr \/>\n<p><strong>24, 25 October 2015<\/strong><br \/>\nAdams &#8211; Century Rolls<br \/>\nBeethoven &#8211; Symphony No.3 in E-Flat major, Op.55, &#8220;Eroica&#8221;<br \/>\nDavid Lockington, conductor<br \/>\nConrad Tao, piano<\/p>\n<hr \/>\n<p><strong>7, 8 November 2015<\/strong><br \/>\nRoussel &#8211; Bacchus et Ariane: Suite No.2, Op.43<br \/>\nYasui &#8211; Ukulele Concerto No.1 &#8220;Campanella&#8221;<br \/>\nIbert &#8211; Escales<br \/>\nGottschalk &#8211; Symphony No 1, &#8220;La nuit des tropiques&#8221; (A Night in the Tropics)<br \/>\nJoAnn Falletta, conductor<br \/>\nJake Shimabukuro, ukulele<\/p>\n<hr \/>\n<p><strong>20, 21 November 2015<\/strong><br \/>\nBax &#8211; Tintagel<br \/>\nNielsen &#8211; Violin Concerto, Op.33<br \/>\nElgar &#8211; Enigma Variations, Op.36<br \/>\nJoAnn Falletta, conductor<br \/>\nJennifer Koh, violin<\/p>\n<hr \/>\n<p><strong>5, 6 December 2015<\/strong><br \/>\nBoyer &#8211; New Beginnings<br \/>\nProkofiev &#8211; Piano Concerto No.2 in G minor, Op.16<br \/>\nTchaikovsky &#8211; Symphony No.1 in G minor &#8220;Winter Dreams&#8221; Op.13<br \/>\nThomas Wilkins, conductor<br \/>\nBeatrice Rana, piano<\/p>\n<hr \/>\n<p><strong>11, 12 December 2015<\/strong><br \/>\nRimsky-Korsakov &#8211; Christmas Eve: Polonaise<br \/>\nHerman\/Wendel &#8211; We Need A Little Christmas<br \/>\nElgar &#8211; Starlight Express: Finale<br \/>\nVivaldi &#8211; The Four Seasons: &#8220;L&#8217;inverno&#8221;, No.4<br \/>\nMendelssohn &#8211; Christus: Die Geburt Christi, Op.97<br \/>\nBach &#8211; Christmas Oratorio, BWV 248: Jauchzet Frohlocket<br \/>\nBass &#8211; Fanfare: Joy to the World<br \/>\nHumperdinck &#8211; Hansel and Gretel: &#8220;Evening Prayer&#8221;<br \/>\nGlazunov &#8211; The Seasons: Winter<br \/>\nVaughan Williams\/Greaves &#8211; Fantasia on Greensleeves<br \/>\nBizet &#8211; L&#8217;Arlesienne: &#8220;Farandole&#8221;<br \/>\nKent\/Gannon\/Ram &#8211; I&#8217;ll Be Home for Christmas<br \/>\nHandel &#8211; Messiah: Hallelujah Chorus<br \/>\nAnderson &#8211; A Christmas Festival<br \/>\nJoAnn Falletta, conductor<br \/>\nDennis Kim, violin<br \/>\nSal Andolina, alto saxophone<br \/>\nBuffalo Philharmonic Chorus,<br \/>\nAdam Luebke, director<\/p>\n<hr \/>\n<p><strong>15, 16 January 2016<\/strong><br \/>\nSalieri &#8211; Der Rauchfangkehrer: Overture<br \/>\nHaydn &#8211; Orlando Paladino: Overture<br \/>\nMozart &#8211; Sinfonia Concertante in E-flat major, K.364<br \/>\nMozart &#8211; Symphony No.5 in B-flat major, K.22<br \/>\nMozart &#8211; Symphony No.39 in E-flat major, K.543<br \/>\nStefan Sanders, conductor<br \/>\nDennis Kim, violin<br \/>\nValerie Heywood, viola<\/p>\n<hr \/>\n<p><strong>30, 31 January 2016<\/strong><br \/>\nGay &#8211; Due Sorelle: Finale<br \/>\nTchaikovsky &#8211; Violin Concerto in D major, Op.35<br \/>\nBrahms &#8211; Symphony No.2 in D major, Op.73<br \/>\nJoAnn Falletta, conductor<br \/>\nChlo\u00eb Hanslip, violin<\/p>\n<hr \/>\n<p><strong>20, 21 February 2016<\/strong><br \/>\nBarber &#8211; The School for Scandal: Overture<br \/>\nBartok &#8211; Concerto for Orchestra<br \/>\nBeethoven &#8211; Piano Concerto No.4 in G major, Op.58<br \/>\nJoAnn Falletta, conductor<br \/>\nAndr\u00e9 Watts, piano<\/p>\n<hr \/>\n<p><strong>4, 5 March 2016<\/strong><br \/>\nNovak &#8211; Lady Godiva Overture<br \/>\nElgar &#8211; Cello Concerto in E Minor, Op.85<br \/>\nNovak &#8211; O vecne touze (Eternal Longing), Op.33<br \/>\nSmetana &#8211; Ma Vlast: Vltava (The Moldau)<br \/>\nJoAnn Falletta, conductor<br \/>\nNicolas Altstaedt, cello<\/p>\n<hr \/>\n<p><strong>19, 20 March 2016<\/strong><br \/>\nSchreker &#8211; The Birthday of the Infanta<br \/>\nMozart &#8211; Piano Concerto No.27 in B-flat major, K.595<br \/>\nStrauss\/Ochoa &#8211; Ariadne auf Naxos Symphony-Suite<br \/>\nJoAnn Falletta, conductor<br \/>\nEldar Nebolsin, piano<\/p>\n<hr \/>\n<p><strong>2, 3 April 2016<\/strong><br \/>\nBeethoven &#8211; Coriolon: Overture, Opus 62<br \/>\nHindemith &#8211; Mathis der Maler<br \/>\nVaughan Williams &#8211; Dona Nobis Pacem<br \/>\nStefan Sanders, conductor<br \/>\nNathalie Paulin, soprano<br \/>\nDarren Stokes, bass<br \/>\nBuffalo Philharmonic Chorus<br \/>\nAdam Luebke, director<\/p>\n<hr \/>\n<p><strong>15, 16 April 2016<\/strong><br \/>\nKilar &#8211; Orawa<br \/>\nBruch &#8211; Scottish Fantasy, Op.46<br \/>\nShostakovich &#8211; Symphony No.5 in D minor, Op.47<br \/>\nMichal Nesterowicz, conductor<br \/>\nBella Hristova, violin<\/p>\n<hr \/>\n<p><strong>7, 8 May 2016<\/strong><br \/>\nMozart &#8211; Violin Concerto No.5 in A major, &#8220;Turkish&#8221; K.219<br \/>\nMahler &#8211; Symphony No.5 in C-sharp minor<br \/>\nJoAnn Falletta, conductor<br \/>\nMayuko Kamio, violin<\/p>\n<hr \/>\n<p><strong>13, 14 May 2016<\/strong><br \/>\nBrahms &#8211; Symphony No.3 in F major, Op.90<br \/>\nGershwin\/Bennett &#8211; Porgy and Bess &#8211; A Concert of Songs<br \/>\nCarl St.Clair, conductor<br \/>\nAngela Brown, soprano<br \/>\nKevin Deas, bass-baritone<br \/>\nBuffalo Philharmonic Chorus<br \/>\nAdam Luebke, director<\/p>\n<hr \/>\n<p><strong>4, 5 June 2016<\/strong><br \/>\nGardner &#8211; Sanctuary of the Soul<br \/>\nNovak &#8211; In the Tatra Mountains, Symphonic Poem<br \/>\nStrauss &#8211; Eine Alpensinfonie, Op.64<br \/>\nJoAnn Falletta, conductor[\/vc_column_text][\/vc_column][\/vc_row][\/vc_section]<\/p>\n<\/div>","protected":false},"excerpt":{"rendered":"<p>[vc_section][vc_row][vc_column][vc_custom_heading source=&#8221;post_title&#8221; font_container=&#8221;tag:h1|text_align:left&#8221; use_theme_fonts=&#8221;yes&#8221;][\/vc_column][\/vc_row][vc_row][vc_column][vc_column_text css=&#8221;&#8221;]16 September 2015 Glinka &#8211; Russlan and Ludmilla: Overture Tchaikovsky &#8211; Suite from Swan Lake: Suite<a class=\"excerpt-read-more\" href=\"https:\/\/bpo.org\/archives\/classics-repertoire-2015-2016\/\" title=\"ReadBPO Classics Repertoire 2015-2016\">&#8230; Read more &raquo;<\/a><\/p>\n","protected":false},"author":169,"featured_media":0,"parent":0,"menu_order":0,"comment_status":"closed","ping_status":"closed","template":"","meta":{"_acf_changed":false,"footnotes":""},"class_list":["post-725","page","type-page","status-publish","hentry"],"acf":[],"_links":{"self":[{"href":"https:\/\/bpo.org\/archives\/wp-json\/wp\/v2\/pages\/725","targetHints":{"allow":["GET"]}}],"collection":[{"href":"https:\/\/bpo.org\/archives\/wp-json\/wp\/v2\/pages"}],"about":[{"href":"https:\/\/bpo.org\/archives\/wp-json\/wp\/v2\/types\/page"}],"author":[{"embeddable":true,"href":"https:\/\/bpo.org\/archives\/wp-json\/wp\/v2\/users\/169"}],"replies":[{"embeddable":true,"href":"https:\/\/bpo.org\/archives\/wp-json\/wp\/v2\/comments?post=725"}],"version-history":[{"count":3,"href":"https:\/\/bpo.org\/archives\/wp-json\/wp\/v2\/pages\/725\/revisions"}],"predecessor-version":[{"id":3773,"href":"https:\/\/bpo.org\/archives\/wp-json\/wp\/v2\/pages\/725\/revisions\/3773"}],"wp:attachment":[{"href":"https:\/\/bpo.org\/archives\/wp-json\/wp\/v2\/media?parent=725"}],"curies":[{"name":"wp","href":"https:\/\/api.w.org\/{rel}","templated":true}]}}